{"id":264,"date":"2025-04-08T17:17:44","date_gmt":"2025-04-08T17:17:44","guid":{"rendered":"https:\/\/thevineliving.co\/?post_type=product&#038;p=264"},"modified":"2026-02-24T23:02:51","modified_gmt":"2026-02-25T04:02:51","slug":"golden-sea-moss","status":"publish","type":"product","link":"https:\/\/thevineliving.co\/fr\/produit\/golden-sea-moss\/","title":{"rendered":"Mousse de mer dor\u00e9e"},"content":{"rendered":"<p class=\"\" data-start=\"0\" data-end=\"79\"><strong data-start=\"0\" data-end=\"79\">The Vine Living Dry Grenadian Golden Sea Moss - Mousse de mer de premi\u00e8re qualit\u00e9 (Eucheuma cottonii ou Gracilaria)<\/strong><\/p>\n<p class=\"\" data-start=\"81\" data-end=\"440\">D\u00e9couvrez le pouvoir nourrissant des Cara\u00efbes avec <strong data-start=\"133\" data-end=\"172\">Mousse de mer dor\u00e9e de The Vine Living<\/strong>, 100%, un superaliment naturel et s\u00e9ch\u00e9 au soleil provenant directement des eaux pures de la Grenade. \u00c9galement connu sous le nom de mousse de mer<strong data-start=\"273\" data-end=\"287\">, <\/strong>Eucheuma cottonii ou Gracilaria, ce l\u00e9gume de mer riche en nutriments est r\u00e9put\u00e9 pour ses incroyables bienfaits pour la sant\u00e9 et son utilisation polyvalente dans l'alimentation et les soins de la peau.<\/p>\n<p data-start=\"442\" data-end=\"848\">Cueillie \u00e0 la main et s\u00e9ch\u00e9e au soleil avec soin, cette <strong data-start=\"559\" data-end=\"577\">mousse de mer brute<\/strong> est 100% naturel, sans additifs ni conservateurs. Riche de plus de 90 min\u00e9raux essentiels, dont l'iode, le magn\u00e9sium, le potassium et le calcium, la mousse de mer de The Vine Living est votre arme secr\u00e8te pour soutenir la sant\u00e9 immunitaire, la digestion, la vitalit\u00e9 de la peau et l'\u00e9nergie en g\u00e9n\u00e9ral. Que vous soyez un nouveau venu dans le monde des super-aliments ou un guerrier du bien-\u00eatre de longue date, notre mousse de mer vous offre le meilleur de la nature dans chacun de ses brins.<\/p>\n<p class=\"\" data-start=\"850\" data-end=\"1262\">Vous cherchez de la mousse de mer au Canada ? Bien que la mousse de mer ne pousse pas naturellement dans les eaux canadiennes, la mousse de mer dor\u00e9e de Grenade de The Vine Living est disponible au Canada ! Ce produit de qualit\u00e9 sup\u00e9rieure apporte le meilleur des Cara\u00efbes directement dans votre cuisine. Il est exp\u00e9di\u00e9 rapidement et de mani\u00e8re fiable depuis Oakville, en Ontario.<\/p>\n<p class=\"\" data-start=\"1264\" data-end=\"1599\">Utilisez-le pour fabriquer votre propre gel de mousse de mer \u00e0 la maison : il suffit de le rincer, de le faire tremper et de le mixer pour cr\u00e9er un gel lisse et inodore qui peut \u00eatre ajout\u00e9 aux smoothies, aux soupes, aux th\u00e9s, aux desserts ou utilis\u00e9 en application locale pour les soins de la peau. Il est id\u00e9al pour tous ceux qui souhaitent renforcer leur syst\u00e8me immunitaire, am\u00e9liorer leur digestion, stimuler leur \u00e9nergie et favoriser la sant\u00e9 de leur peau et de leurs cheveux, de mani\u00e8re naturelle.<\/p>\n<p class=\"\" data-start=\"1601\" data-end=\"1618\"><strong data-start=\"1601\" data-end=\"1618\">Notre mousse de mer brute est :<\/strong><\/p>\n<ul>\n<li data-start=\"1621\" data-end=\"1681\">100% Eucheuma cottonii ou Gracilaria (mousse d'Irlande), fabriqu\u00e9 \u00e0 la main, Grenade<\/li>\n<li>Produits issus de l'agriculture des Cara\u00efbes<\/li>\n<li data-start=\"1684\" data-end=\"1717\">Cru, s\u00e9ch\u00e9 au soleil et sans produits chimiques<\/li>\n<li>Riche en min\u00e9raux qui soutiennent l'immunit\u00e9, la sant\u00e9 intestinale et la fonction thyro\u00efdienne<\/li>\n<li data-start=\"1720\" data-end=\"1761\">Vegan, sans gluten et sans OGM<\/li>\n<li data-start=\"1764\" data-end=\"1797\">Parfait pour le gel de mousse de mer fait maison<\/li>\n<li data-start=\"1800\" data-end=\"1840\">Exp\u00e9di\u00e9 depuis le Canada<\/li>\n<\/ul>\n<p>&nbsp;<\/p>\n<p class=\"\" data-start=\"1970\" data-end=\"2232\"><strong data-start=\"1970\" data-end=\"1991\">Pourquoi The Vine Living ?<\/strong><br data-start=\"1991\" data-end=\"1994\" \/>Cette marque est ancr\u00e9e dans la tradition familiale et l'h\u00e9ritage carib\u00e9en. Mme Virgie a grandi en utilisant la mousse de mer comme un produit de base pour le garde-manger et en nourrissant ses enfants de ses bienfaits. Aujourd'hui, son h\u00e9ritage se poursuit, apportant la m\u00eame qualit\u00e9 et le m\u00eame soin \u00e0 votre porte.<\/p>\n<p class=\"\" data-start=\"2234\" data-end=\"2336\">Ne vous contentez pas de mousses myst\u00e9rieuses ou d'imitations produites en masse. Optez pour le vrai. Choisissez The Vine Living.<\/p>","protected":false},"excerpt":{"rendered":"<p>Authentique mousse de mer dor\u00e9e de Grenade, s\u00e9ch\u00e9e au soleil et jamais blanchie.<\/p>\n<p>Utilisez ce produit brut pour fabriquer votre propre gel.<\/p>\n<p>Exp\u00e9di\u00e9 depuis l'Ontario, Canada.<\/p>","protected":false},"featured_media":2256,"comment_status":"open","ping_status":"closed","template":"","meta":{"_acf_changed":false},"product_brand":[],"product_cat":[33],"product_tag":[34],"class_list":{"0":"post-264","1":"product","2":"type-product","3":"status-publish","4":"has-post-thumbnail","6":"product_cat-sea-moss","7":"product_tag-raw-sea-moss","9":"first","10":"instock","11":"taxable","12":"shipping-taxable","13":"purchasable","14":"product-type-variable"},"acf":[],"jetpack_sharing_enabled":true,"_links":{"self":[{"href":"https:\/\/thevineliving.co\/fr\/wp-json\/wp\/v2\/product\/264","targetHints":{"allow":["GET"]}}],"collection":[{"href":"https:\/\/thevineliving.co\/fr\/wp-json\/wp\/v2\/product"}],"about":[{"href":"https:\/\/thevineliving.co\/fr\/wp-json\/wp\/v2\/types\/product"}],"replies":[{"embeddable":true,"href":"https:\/\/thevineliving.co\/fr\/wp-json\/wp\/v2\/comments?post=264"}],"wp:featuredmedia":[{"embeddable":true,"href":"https:\/\/thevineliving.co\/fr\/wp-json\/wp\/v2\/media\/2256"}],"wp:attachment":[{"href":"https:\/\/thevineliving.co\/fr\/wp-json\/wp\/v2\/media?parent=264"}],"wp:term":[{"taxonomy":"product_brand","embeddable":true,"href":"https:\/\/thevineliving.co\/fr\/wp-json\/wp\/v2\/product_brand?post=264"},{"taxonomy":"product_cat","embeddable":true,"href":"https:\/\/thevineliving.co\/fr\/wp-json\/wp\/v2\/product_cat?post=264"},{"taxonomy":"product_tag","embeddable":true,"href":"https:\/\/thevineliving.co\/fr\/wp-json\/wp\/v2\/product_tag?post=264"}],"curies":[{"name":"wp","href":"https:\/\/api.w.org\/{rel}","templated":true}]}}